{"id":127,"date":"2019-06-07T10:43:51","date_gmt":"2019-06-07T10:43:51","guid":{"rendered":"http:\/\/cfeaguisamo.org\/wp-19\/?page_id=127"},"modified":"2024-06-10T07:21:07","modified_gmt":"2024-06-10T07:21:07","slug":"ciclo-superior-de-paisaxismo-e-medio-rural","status":"publish","type":"page","link":"https:\/\/cfeaguisamo.org\/wp-19\/ciclo-superior-de-paisaxismo-e-medio-rural\/","title":{"rendered":"Ciclo Superior de Paisaxismo e Medio Rural"},"content":{"rendered":"\n<p><\/p>\n\n\n\n<p>A oferta formativa de ensinanzas regradas do Centro de Formaci\u00f3n e Experimentaci\u00f3n Agroforestal de Gu\u00edsamo incl\u00fae, para o curso 2024-2025, o Ciclo Superior de Paisaxismo e Medio Rural no r\u00e9xime de persoas adultas na modalidade a distancia e no r\u00e9xime DUAL.<\/p>\n\n\n\n<p>Podedes atopar m\u00e1is informaci\u00f3n sobre o proceso de admisi\u00f3n a ciclos formativos na web da&nbsp;<a rel=\"noreferrer noopener\" href=\"http:\/\/www.edu.xunta.gal\/fp\" target=\"_blank\">Conseller\u00eda de Educaci\u00f3n, Universidades e Formaci\u00f3n Profesional<\/a><\/p>\n\n\n\n<p><\/p>\n\n\n\n<p>O Ciclo formativo de Grao Superior de Paisaxismo e Medio Rural proporciona os co\u00f1ecementos necesarios para realizar proxectos de xard\u00edn e zonas verdes e xestionar a produci\u00f3n de plantas e a produci\u00f3n agr\u00edcola, supervisando os traballos, programando e organizando os recursos materiais e hum\u00e1ns dispo\u00f1ibles, aplicando criterios de rendabilidade econ\u00f3mica e cumprindo coa normativa ambiental, de produci\u00f3n ecol\u00f3xica, de produci\u00f3n de viveiro, de control de calidade, de seguridade alimentaria e de prevenci\u00f3n de riscos laborais.&nbsp;<\/p>\n\n\n\n<figure class=\"wp-block-table\"><table><tbody><tr><td>\n\t\t\t\n\t\t\t<strong>M\u00d3DULOS<\/strong>\n\t\t<\/td><\/tr><tr><td>\n\t\t\t<strong>1\u00ba\n\t\t\tCurso<\/strong>\n\t\t<\/td><td>\n\t\t\t<strong>2\u00ba\n\t\t\tCurso<\/strong>\n\t\t<\/td><\/tr><tr><td>Bot\u00e1nica agron\u00f3mica. 80 horas<br>Xesti\u00f3n e organizaci\u00f3n do viveiro. 213 horas<br>Fitopatolox\u00eda. 107 horas<br>Topograf\u00eda agraria. 107 horas<br>Maquinaria e instalaci\u00f3ns agroforestais. 186 horas<br>Conservaci\u00f3n de xard\u00edns e c\u00e9spedes deportivos. 160 horas<br>Formaci\u00f3n e orientaci\u00f3n laboral. 107 horas<\/td><td>Planificaci\u00f3n de cultivos. 193 horas<br>Xesti\u00f3n de cultivos. 209 horas<br>Dese\u00f1o de xard\u00edns e restauraci\u00f3n da paisaxe.&nbsp; 175 horas<br>Empresa e iniciativa emprendedora.&nbsp; 53 horas<br>Proxecto de paisaxismo e medio rural. 26 horas<br>Formaci\u00f3n en centros de traballo. 384 horas<\/td><\/tr><\/tbody><\/table><\/figure>\n\n\n\n<figure class=\"wp-block-image\"><img loading=\"lazy\" decoding=\"async\" width=\"1024\" height=\"683\" src=\"http:\/\/cfeaguisamo.org\/wp-19\/wp-content\/uploads\/2019\/06\/IMG_7661-1024x683.jpg\" alt=\"\" class=\"wp-image-128\" srcset=\"https:\/\/cfeaguisamo.org\/wp-19\/wp-content\/uploads\/2019\/06\/IMG_7661-1024x683.jpg 1024w, https:\/\/cfeaguisamo.org\/wp-19\/wp-content\/uploads\/2019\/06\/IMG_7661-300x200.jpg 300w, https:\/\/cfeaguisamo.org\/wp-19\/wp-content\/uploads\/2019\/06\/IMG_7661-768x512.jpg 768w\" sizes=\"auto, (max-width: 1024px) 100vw, 1024px\" \/><\/figure>\n\n\n\n<p>\n<strong>DURACI\u00d3N<\/strong><\/p>\n\n\n\n<p>\ndous\ncursos acad\u00e9micos que equivalen a 2000 horas dentro das que se\nincl\u00faen 26 correspondentes ao Proxecto de Paisaxismo e Medio Rural e\n384 correspondentes ao m\u00f3dulo de FCT.<\/p>\n\n\n\n<p>\n<strong>TITULACI\u00d3N:\n<\/strong>T\u00e9cnico\/a\nSuperior de Paisaxismo e Medio Rural.<\/p>\n\n\n\n<p>\n<strong>SA\u00cdDAS\nPROFESIONAIS<\/strong><\/p>\n\n\n\n<p>\nExercer\na actividade na \u00e1rea de xesti\u00f3n en grandes, medianas e pequenas\nempresas, p\u00fablicas ou privadas, tanto por conta allea como por conta\npropia, adicadas \u00e1 instalaci\u00f3n, restauraci\u00f3n e mantemento de\nparques e xard\u00edns, restauraci\u00f3n da paisaxe, produci\u00f3n agr\u00edcola\nconvencional ou ecol\u00f3xica e produci\u00f3n de sementes e prantas en\nviveiro.<\/p>\n\n\n\n<p> Organizar, controlar e realizar tratamentos praguicidas segundo a actividade regulada pola normativa vixente.<\/p>\n\n\n\n<hr class=\"wp-block-separator has-css-opacity\"\/>\n\n\n\n<h4 class=\"wp-block-heading\">Suplemento Europass<\/h4>\n\n\n\n<p>O Suplemento Europass \u00e9 un&nbsp;<strong>documento adxunto a un T\u00edtulo oficial de Formaci\u00f3n Profesional<\/strong>, destinado a facilitar a comprensi\u00f3n a terceiros, en particular a empleadores ou instituci\u00f3ns doutro pa\u00eds, do significado do T\u00edtulo en t\u00e9rminos das competencias adquiridas polo titular.<\/p>\n\n\n\n<p><strong>O Suplemento Europass non \u00e9 un sustituto do t\u00edtulo oficial senon un complemento informativo en ingl\u00e9s.<\/strong><\/p>\n\n\n\n<div class=\"wp-block-file\"><a id=\"wp-block-file--media-ac3b5a5c-442c-4780-bba2-cd3805cda0f2\" href=\"http:\/\/cfeaguisamo.org\/wp-19\/wp-content\/uploads\/2019\/06\/tspaisajismomedioruralen-pdf.pdf\" target=\"_blank\" rel=\"noreferrer noopener\">Suplemento Europass do Ciclo Superior de Paisaxismo e Medio Rural (Ingl\u00e9s)<\/a><\/div>\n\n\n\n<p>\n\nPodes obter m\u00e1is informaci\u00f3n sobre o suplemento Europass nesta ligaz\u00f3n da web&nbsp;<a href=\"http:\/\/todofp.es\/orientacion-profesional\/itinerarios-formativos-profesionales\/movilidad\/que-es-el-suplemento-europass.html\" target=\"_blank\" rel=\"noreferrer noopener\">TODOFP do Ministerio de Educaci\u00f3n e Formaci\u00f3n Profesional<\/a><\/p>\n","protected":false},"excerpt":{"rendered":"<p>A oferta formativa de ensinanzas regradas do Centro de Formaci\u00f3n e Experimentaci\u00f3n Agroforestal de Gu\u00edsamo incl\u00fae, para o curso 2024-2025, o Ciclo Superior de Paisaxismo e Medio Rural no r\u00e9xime de persoas adultas na modalidade a distancia e no r\u00e9xime DUAL. Podedes atopar m\u00e1is informaci\u00f3n sobre o proceso de admisi\u00f3n a ciclos formativos na web [&hellip;]<\/p>\n","protected":false},"author":1,"featured_media":91,"parent":0,"menu_order":0,"comment_status":"closed","ping_status":"closed","template":"","meta":{"footnotes":""},"class_list":["post-127","page","type-page","status-publish","has-post-thumbnail","hentry"],"_links":{"self":[{"href":"https:\/\/cfeaguisamo.org\/wp-19\/wp-json\/wp\/v2\/pages\/127","targetHints":{"allow":["GET"]}}],"collection":[{"href":"https:\/\/cfeaguisamo.org\/wp-19\/wp-json\/wp\/v2\/pages"}],"about":[{"href":"https:\/\/cfeaguisamo.org\/wp-19\/wp-json\/wp\/v2\/types\/page"}],"author":[{"embeddable":true,"href":"https:\/\/cfeaguisamo.org\/wp-19\/wp-json\/wp\/v2\/users\/1"}],"replies":[{"embeddable":true,"href":"https:\/\/cfeaguisamo.org\/wp-19\/wp-json\/wp\/v2\/comments?post=127"}],"version-history":[{"count":6,"href":"https:\/\/cfeaguisamo.org\/wp-19\/wp-json\/wp\/v2\/pages\/127\/revisions"}],"predecessor-version":[{"id":4849,"href":"https:\/\/cfeaguisamo.org\/wp-19\/wp-json\/wp\/v2\/pages\/127\/revisions\/4849"}],"wp:featuredmedia":[{"embeddable":true,"href":"https:\/\/cfeaguisamo.org\/wp-19\/wp-json\/wp\/v2\/media\/91"}],"wp:attachment":[{"href":"https:\/\/cfeaguisamo.org\/wp-19\/wp-json\/wp\/v2\/media?parent=127"}],"curies":[{"name":"wp","href":"https:\/\/api.w.org\/{rel}","templated":true}]}}