{"id":122,"date":"2019-06-07T10:38:48","date_gmt":"2019-06-07T10:38:48","guid":{"rendered":"http:\/\/cfeaguisamo.org\/wp-19\/?page_id=122"},"modified":"2024-06-10T07:20:15","modified_gmt":"2024-06-10T07:20:15","slug":"ciclo-medio-de-xardinaria-e-floraria","status":"publish","type":"page","link":"https:\/\/cfeaguisamo.org\/wp-19\/ciclo-medio-de-xardinaria-e-floraria\/","title":{"rendered":"Ciclo Medio de Xardinar\u00eda e Florar\u00eda"},"content":{"rendered":"\n<p><\/p>\n\n\n\n<p>A oferta formativa de ensinanzas regradas do Centro de Formaci\u00f3n e Experimentaci\u00f3n Agroforestal de Gu\u00edsamo incl\u00fae, para o curso 2024-2025, o Ciclo Medio de Xardinar\u00eda e Florar\u00eda no r\u00e9xime de persoas adultas na modalidade a distancia e no r\u00e9xime DUAL<\/p>\n\n\n\n<p>Podedes atopar m\u00e1is informaci\u00f3n sobre o proceso de admisi\u00f3n a ciclos formativos na web da&nbsp;<a rel=\"noreferrer noopener\" href=\"http:\/\/www.edu.xunta.gal\/fp\" target=\"_blank\">Conseller\u00eda de Educaci\u00f3n, Universidades e Formaci\u00f3n Profesional<\/a><\/p>\n\n\n\n<p>O Ciclo formativo de Grao Medio de Xardinar\u00eda e Florar\u00eda proporciona os co\u00f1ecementos necesarios para realizar operaci\u00f3ns de implantaci\u00f3n, dese\u00f1o, mellora e conservaci\u00f3ns de xard\u00edns tanto de interior como de exterior, para a comercializaci\u00f3n de material vexetal e de xardinar\u00eda en axeitadas condici\u00f3ns de hixiene, seguridade e respectuosas co medio ambiente e para o manexo de maquinaria propia dos labores de xardinar\u00eda.<\/p>\n\n\n\n<figure class=\"wp-block-table\"><table><tbody><tr><td>\n\t\t\t\n\t\t\t&nbsp;<strong>M\u00d3DULOS<\/strong>&nbsp;\n\t\t<\/td><\/tr><tr><td>\n\t\t\t\n\t\t\t<strong>1\u00ba curso<\/strong>&nbsp;\n\t\t<\/td><td>\n\t\t\t\n\t\t\t<strong>2\u00ba curso<\/strong>&nbsp;\n\t\t<\/td><\/tr><tr><td>Fundamentos agron\u00f3micos. 159 horas<br>Taller e equipamentos de tracci\u00f3n. 160 horas<br>Infraestruturas e instalaci\u00f3ns agr\u00edcolas. 107 horas<br>Principios de sanidade vexetal. 107 horas<br>Implantaci\u00f3n de xard\u00edns e zonas verdes. 134 horas<br>Produci\u00f3n de plantas e terr\u00f3ns de c\u00e9spede en viveiro. 186 horas<br>Formaci\u00f3n e orientaci\u00f3n laboral. 107 horas<\/td><td>Control fitosanitario. 87 horas<br>Mantemento e mellora de xard\u00edns e zonas verdes. 176 horas<br>Composici\u00f3ns florais e con plantas. 140 horas<br>Establecementos de florar\u00eda. 87 horas<br>T\u00e9cnicas de venda en xardinar\u00eda e florar\u00eda. 87 horas<br>Empresa e iniciativa emprendedora. 53 horas<br>Formaci\u00f3n en centros de traballo (FCT). 410 horas<\/td><\/tr><\/tbody><\/table><\/figure>\n\n\n\n<figure class=\"wp-block-image\"><img loading=\"lazy\" decoding=\"async\" width=\"1024\" height=\"683\" src=\"http:\/\/cfeaguisamo.org\/wp-19\/wp-content\/uploads\/2019\/06\/IMG_7660-1024x683.jpg\" alt=\"\" class=\"wp-image-124\" srcset=\"https:\/\/cfeaguisamo.org\/wp-19\/wp-content\/uploads\/2019\/06\/IMG_7660-1024x683.jpg 1024w, https:\/\/cfeaguisamo.org\/wp-19\/wp-content\/uploads\/2019\/06\/IMG_7660-300x200.jpg 300w, https:\/\/cfeaguisamo.org\/wp-19\/wp-content\/uploads\/2019\/06\/IMG_7660-768x512.jpg 768w\" sizes=\"auto, (max-width: 1024px) 100vw, 1024px\" \/><\/figure>\n\n\n\n<p>\n<strong>DURACI\u00d3N<\/strong><\/p>\n\n\n\n<p>\ndous\ncursos acad\u00e9micos que equivalen a 2000 horas dentro das que se\nincl\u00faen 410 correspondentes ao m\u00f3dulo de FCT.<\/p>\n\n\n\n<p>\n<strong>TITULACI\u00d3N:\n<\/strong>T\u00e9cnico\/a\nen Xardinar\u00eda e Florar\u00eda<\/p>\n\n\n\n<p>\n<strong>SA\u00cdDAS\nPROFESIONAIS<\/strong><\/p>\n\n\n\n<p>\nTraballar\nen empresas p\u00fablicas e privadas, adicadas \u00e1 instalaci\u00f3n,\nmantemento e mellora de xard\u00edns de interior, exterior e zonas\nverdes, \u00e1 produci\u00f3n de plantas e terr\u00f3ns de c\u00e9spede en viveiro e\n\u00e1 creaci\u00f3n e elaboraci\u00f3n de composici\u00f3ns e ornamentaci\u00f3ns con\nflores e plantas.<\/p>\n\n\n\n<p>\nDesenvolvemento\nde actividades de comercializaci\u00f3n e distribuci\u00f3n das mesmas, tanto\npor conta propia como allea.<\/p>\n\n\n\n<p>Realizar tratamentos praguicidas, segundo a actividade regulada pola normativa, e dacordo coa lexislaci\u00f3n sobre prevenci\u00f3n de riscos laborais.<\/p>\n\n\n\n<hr class=\"wp-block-separator has-css-opacity\"\/>\n\n\n\n<h4 class=\"wp-block-heading\">Suplemento Europass<\/h4>\n\n\n\n<p>O Suplemento Europass \u00e9 un&nbsp;<strong>documento adxunto a un T\u00edtulo oficial de Formaci\u00f3n Profesional<\/strong>, destinado a facilitar a comprensi\u00f3n a terceiros, en particular a empleadores ou instituci\u00f3ns doutro pa\u00eds, do significado do T\u00edtulo en t\u00e9rminos das competencias adquiridas polo titular.<\/p>\n\n\n\n<p><strong>O Suplemento Europass non \u00e9 un sustituto do t\u00edtulo oficial senon un complemento informativo en ingl\u00e9s.<\/strong><\/p>\n\n\n\n<div class=\"wp-block-file\"><a id=\"wp-block-file--media-bf9c8eb4-853c-46ef-a664-e59886c2a55e\" href=\"http:\/\/cfeaguisamo.org\/wp-19\/wp-content\/uploads\/2019\/06\/tjardineriafloristeriaen-pdf.pdf\" target=\"_blank\" rel=\"noreferrer noopener\">Suplemento Europass do Ciclo Medio de Xardinar\u00eda e Florar\u00eda (Ingl\u00e9s)<\/a><\/div>\n\n\n\n<p>Podes obter m\u00e1is informaci\u00f3n sobre o suplemento Europass nesta ligaz\u00f3n da web <a href=\"http:\/\/todofp.es\/orientacion-profesional\/itinerarios-formativos-profesionales\/movilidad\/que-es-el-suplemento-europass.html\" target=\"_blank\" rel=\"noreferrer noopener\" aria-label=\" (opens in a new tab)\">TODOFP do Ministerio de Educaci\u00f3n e Formaci\u00f3n Profesional<\/a><\/p>\n","protected":false},"excerpt":{"rendered":"<p>A oferta formativa de ensinanzas regradas do Centro de Formaci\u00f3n e Experimentaci\u00f3n Agroforestal de Gu\u00edsamo incl\u00fae, para o curso 2024-2025, o Ciclo Medio de Xardinar\u00eda e Florar\u00eda no r\u00e9xime de persoas adultas na modalidade a distancia e no r\u00e9xime DUAL Podedes atopar m\u00e1is informaci\u00f3n sobre o proceso de admisi\u00f3n a ciclos formativos na web da&nbsp;Conseller\u00eda [&hellip;]<\/p>\n","protected":false},"author":1,"featured_media":91,"parent":0,"menu_order":0,"comment_status":"closed","ping_status":"closed","template":"","meta":{"footnotes":""},"class_list":["post-122","page","type-page","status-publish","has-post-thumbnail","hentry"],"_links":{"self":[{"href":"https:\/\/cfeaguisamo.org\/wp-19\/wp-json\/wp\/v2\/pages\/122","targetHints":{"allow":["GET"]}}],"collection":[{"href":"https:\/\/cfeaguisamo.org\/wp-19\/wp-json\/wp\/v2\/pages"}],"about":[{"href":"https:\/\/cfeaguisamo.org\/wp-19\/wp-json\/wp\/v2\/types\/page"}],"author":[{"embeddable":true,"href":"https:\/\/cfeaguisamo.org\/wp-19\/wp-json\/wp\/v2\/users\/1"}],"replies":[{"embeddable":true,"href":"https:\/\/cfeaguisamo.org\/wp-19\/wp-json\/wp\/v2\/comments?post=122"}],"version-history":[{"count":8,"href":"https:\/\/cfeaguisamo.org\/wp-19\/wp-json\/wp\/v2\/pages\/122\/revisions"}],"predecessor-version":[{"id":4848,"href":"https:\/\/cfeaguisamo.org\/wp-19\/wp-json\/wp\/v2\/pages\/122\/revisions\/4848"}],"wp:featuredmedia":[{"embeddable":true,"href":"https:\/\/cfeaguisamo.org\/wp-19\/wp-json\/wp\/v2\/media\/91"}],"wp:attachment":[{"href":"https:\/\/cfeaguisamo.org\/wp-19\/wp-json\/wp\/v2\/media?parent=122"}],"curies":[{"name":"wp","href":"https:\/\/api.w.org\/{rel}","templated":true}]}}